{"id":73,"date":"2024-05-10T00:30:08","date_gmt":"2024-05-09T22:30:08","guid":{"rendered":"https:\/\/www.selsarangebot.com\/ueber-uns\/"},"modified":"2024-05-10T00:45:23","modified_gmt":"2024-05-09T22:45:23","slug":"ueber-uns","status":"publish","type":"page","link":"https:\/\/www.selsarangebot.com\/de\/ueber-uns\/","title":{"rendered":"\u00dcber uns"},"content":{"rendered":"\n<p>SelSar Company wurde 2021 in Sarajevo gegr\u00fcndet mit dem Ziel, Gesch\u00e4ftspartnerschaften f\u00fcr Unternehmen in Bosnien und Herzegowina sowie in westeurop\u00e4ischen L\u00e4ndern zu er\u00f6ffnen. Unser Ziel ist es, M\u00f6glichkeiten f\u00fcr Arbeitnehmer aus dem Westbalkan, Indien, Bangladesch, Nepal, Singapur, Sri Lanka und anderen zu schaffen. Wir sind ein Unternehmen, das sich auf die rechtliche Vermittlung von Besch\u00e4ftigung in Bosnien und Herzegowina sowie die Vermittlung von Besch\u00e4ftigung in westeurop\u00e4ischen L\u00e4ndern spezialisiert hat. ir decken verschiedene Profile von Arbeitnehmern ab, darunter medizinisches Fachpersonal, Bauarbeiter und andere.<\/p>\n\n<p>Dar\u00fcber hinaus bietet die SelSar Company Online-Sprachkurse f\u00fcr Englisch und Deutsch an.<\/p>\n\n<p>Die SelSar Company \u00f6ffnet T\u00fcren f\u00fcr neue Gesch\u00e4ftspartnerschaften mit Unternehmen aus westeurop\u00e4ischen L\u00e4ndern, die Dienstleistungen von der Konzeption bis zur Ausf\u00fchrung von Projekten, Innenarchitektur, Landschaftsgestaltung und Objektvisualisierung ben\u00f6tigen.<\/p>\n\n<p>Durch unsere exklusive Zusammenarbeit mit renommierten Designfirmen bietet die SelSar Company die M\u00f6glichkeit, hochqualifizierte Designfirmen aus Bosnien und Herzegowina zu g\u00fcnstigen Preisen zu engagieren. Diese Firmen garantieren Spitzenqualit\u00e4t in jedem Projekt nach h\u00f6chsten Standards, egal ob es sich um Stra\u00dfen, Autobahnen, Br\u00fccken, Tunnel, Tiefbau, Hochbau, Windparks und mehr handelt.<\/p>\n\n<p>Ein wesentlicher Vorteil der Zusammenarbeit mit der SelSar Company ist die exklusive Einbindung von Partnerdesignfirmen, um sicherzustellen, dass Projekte innerhalb festgelegter Fristen abgeschlossen werden und in jedem Aspekt der Entwurfsphase h\u00f6chste Qualit\u00e4t gew\u00e4hrleistet ist, einschlie\u00dflich Architektur, Konstruktion, Hydraulikinstallationen, elektrische Installationen, mechanische Installationen sowie detaillierte Zeichnung von Schalungs- und Bewehrungspl\u00e4nen.<\/p>\n\n<p>Partnerdesignfirmen sind spezialisiert auf Design mit verschiedenen Softwarel\u00f6sungen, darunter AutoCAD, SketchUp, ArchiCAD, ArCon, Revit, 3D Max und Lumion. Ihre Expertise umfasst alle Phasen des Designs, von der Konzeption bis zur Ausf\u00fchrung von Projekten sowie Innenarchitektur, Landschaftsgestaltung und Objektvisualisierung.<\/p>\n\n<p>&#8222;Die Zusammenarbeit mit uns bedeutet den exklusiven Zugang zu erstklassigen Designfirmen in Bosnien und Herzegowina, unterst\u00fctzt von Experten, die Qualit\u00e4t und Pr\u00e4zision in jedem Schritt garantieren.&#8220; &#8222;Wir sind offen f\u00fcr Zusammenarbeit und bieten L\u00f6sungen, die die Erwartungen \u00fcbertreffen. Unsere direkte Kommunikation auf Bosnisch, Deutsch oder Englisch stellt sicher, dass jede Interaktion auf h\u00f6chstem Sprachniveau durchgef\u00fchrt wird, was einen schnellen Informationsaustausch und eine effiziente L\u00f6sung von Anfragen oder Schwierigkeiten gew\u00e4hrleistet. Die SelSar Company optimiert die Zusammenarbeitsprozesse mit ausl\u00e4ndischen Partnern und sorgt daf\u00fcr, dass die Visionen von Unternehmen in westeurop\u00e4ischen L\u00e4ndern so schnell wie m\u00f6glich Realit\u00e4t werden.&#8220;<\/p>\n\n<p>Die SelSar Company steht Unternehmen unabh\u00e4ngig von ihrer Gr\u00f6\u00dfe oder ihrem Projektumfang zur Zusammenarbeit offen. Unser Expertenteam widmet sich der Verwirklichung ihrer Vision. Ob es sich um architektonisches Design, Bau, Installationen oder Objektvisualisierung handelt, die SelSar Company bietet Unternehmen Zugang zu renommierten Designfirmen, die die Realisierung ihrer Gesch\u00e4ftsvisionen sicherstellen und umfassende L\u00f6sungen bieten, die die Erwartungen \u00fcbertreffen.<\/p>\n\n<p>Unabh\u00e4ngig von der Projektgr\u00f6\u00dfe oder -branche steht die SelSar Company hier zur Unterst\u00fctzung von der Konzeption bis zur Umsetzung und gew\u00e4hrleistet den Erfolg und den Gewinn f\u00fcr Unternehmen in westeurop\u00e4ischen L\u00e4ndern auf der Grundlage des Preisunterschieds beim Design zwischen Bosnien und Herzegowina und westeurop\u00e4ischen L\u00e4ndern.<\/p>\n\n<p>Die SelSar Company bietet auch Dienstleistungen zur Vermittlung von Waren und Dienstleistungen im Export an.<\/p>\n\n<p>Kontaktieren Sie die SelSar Company noch heute, um Ihre Gesch\u00e4ftsziele zu erreichen und erfolgreiche Gesch\u00e4ftskooperationen zu realisieren.<\/p>\n\n<p>Kontaktinformationen:<br\/>E-mail: <a href=\"mailto:selsar.company@gmail.com\">selsar.company@gmail.com<\/a><br\/>https:\/\/www.selsarangebot.com<\/p>\n","protected":false},"excerpt":{"rendered":"<p>SelSar Company wurde 2021 in Sarajevo gegr\u00fcndet mit dem Ziel, Gesch\u00e4ftspartnerschaften f\u00fcr Unternehmen in Bosnien und Herzegowina sowie in westeurop\u00e4ischen [&hellip;]<\/p>\n","protected":false},"author":1,"featured_media":0,"parent":0,"menu_order":0,"comment_status":"closed","ping_status":"closed","template":"","meta":{"_uag_custom_page_level_css":"","site-sidebar-layout":"default","site-content-layout":"","ast-site-content-layout":"default","site-content-style":"default","site-sidebar-style":"default","ast-global-header-display":"","ast-banner-title-visibility":"","ast-main-header-display":"","ast-hfb-above-header-display":"","ast-hfb-below-header-display":"","ast-hfb-mobile-header-display":"","site-post-title":"","ast-breadcrumbs-content":"","ast-featured-img":"","footer-sml-layout":"","ast-disable-related-posts":"","theme-transparent-header-meta":"","adv-header-id-meta":"","stick-header-meta":"","header-above-stick-meta":"","header-main-stick-meta":"","header-below-stick-meta":"","astra-migrate-meta-layouts":"default","ast-page-background-enabled":"default","ast-page-background-meta":{"desktop":{"background-color":"var(--ast-global-color-4)","background-image":"","background-repeat":"repeat","background-position":"center center","background-size":"auto","background-attachment":"scroll","background-type":"","background-media":"","overlay-type":"","overlay-color":"","overlay-opacity":"","overlay-gradient":""},"tablet":{"background-color":"","background-image":"","background-repeat":"repeat","background-position":"center center","background-size":"auto","background-attachment":"scroll","background-type":"","background-media":"","overlay-type":"","overlay-color":"","overlay-opacity":"","overlay-gradient":""},"mobile":{"background-color":"","background-image":"","background-repeat":"repeat","background-position":"center center","background-size":"auto","background-attachment":"scroll","background-type":"","background-media":"","overlay-type":"","overlay-color":"","overlay-opacity":"","overlay-gradient":""}},"ast-content-background-meta":{"desktop":{"background-color":"var(--ast-global-color-5)","background-image":"","background-repeat":"repeat","background-position":"center center","background-size":"auto","background-attachment":"scroll","background-type":"","background-media":"","overlay-type":"","overlay-color":"","overlay-opacity":"","overlay-gradient":""},"tablet":{"background-color":"var(--ast-global-color-5)","background-image":"","background-repeat":"repeat","background-position":"center center","background-size":"auto","background-attachment":"scroll","background-type":"","background-media":"","overlay-type":"","overlay-color":"","overlay-opacity":"","overlay-gradient":""},"mobile":{"background-color":"var(--ast-global-color-5)","background-image":"","background-repeat":"repeat","background-position":"center center","background-size":"auto","background-attachment":"scroll","background-type":"","background-media":"","overlay-type":"","overlay-color":"","overlay-opacity":"","overlay-gradient":""}},"footnotes":""},"class_list":["post-73","page","type-page","status-publish","hentry"],"uagb_featured_image_src":{"full":false,"thumbnail":false,"medium":false,"medium_large":false,"large":false,"1536x1536":false,"2048x2048":false},"uagb_author_info":{"display_name":"hm","author_link":"https:\/\/www.selsarangebot.com\/de\/author\/hm\/"},"uagb_comment_info":0,"uagb_excerpt":"SelSar Company wurde 2021 in Sarajevo gegr\u00fcndet mit dem Ziel, Gesch\u00e4ftspartnerschaften f\u00fcr Unternehmen in Bosnien und Herzegowina sowie in westeurop\u00e4ischen [&hellip;]","_links":{"self":[{"href":"https:\/\/www.selsarangebot.com\/de\/wp-json\/wp\/v2\/pages\/73","targetHints":{"allow":["GET"]}}],"collection":[{"href":"https:\/\/www.selsarangebot.com\/de\/wp-json\/wp\/v2\/pages"}],"about":[{"href":"https:\/\/www.selsarangebot.com\/de\/wp-json\/wp\/v2\/types\/page"}],"author":[{"embeddable":true,"href":"https:\/\/www.selsarangebot.com\/de\/wp-json\/wp\/v2\/users\/1"}],"replies":[{"embeddable":true,"href":"https:\/\/www.selsarangebot.com\/de\/wp-json\/wp\/v2\/comments?post=73"}],"version-history":[{"count":1,"href":"https:\/\/www.selsarangebot.com\/de\/wp-json\/wp\/v2\/pages\/73\/revisions"}],"predecessor-version":[{"id":74,"href":"https:\/\/www.selsarangebot.com\/de\/wp-json\/wp\/v2\/pages\/73\/revisions\/74"}],"wp:attachment":[{"href":"https:\/\/www.selsarangebot.com\/de\/wp-json\/wp\/v2\/media?parent=73"}],"curies":[{"name":"wp","href":"https:\/\/api.w.org\/{rel}","templated":true}]}}