{"id":98,"date":"2024-05-23T12:28:36","date_gmt":"2024-05-23T10:28:36","guid":{"rendered":"https:\/\/www.selsarangebot.com\/bauarbeiter\/"},"modified":"2024-05-24T01:28:17","modified_gmt":"2024-05-23T23:28:17","slug":"bauarbeiter","status":"publish","type":"page","link":"https:\/\/www.selsarangebot.com\/de\/bauarbeiter\/","title":{"rendered":"Bauarbeiter"},"content":{"rendered":"\n<p>SelSar Company d.o.o. bietet Dienstleistungen der Arbeitsvermittlung an, indem sie Arbeitgeber in Bosnien und Herzegowina, Deutschland, \u00d6sterreich und anderen westeurop\u00e4ischen L\u00e4ndern findet und Arbeiter\/Kandidaten in Bosnien und Herzegowina, Mazedonien, Kosovo, Montenegro, Serbien, Indien, Bangladesch, Nepal und anderen L\u00e4ndern rekrutiert. Bei Bedarf f\u00fchrt sie Selektionen und Vorauswahlen der Kandidaten im Einstellungsprozess gem\u00e4\u00df den Anforderungen und Bed\u00fcrfnissen der Arbeitgeber gegen finanzielle Verg\u00fctung als Dienstleister durch.<\/p>\n\n<p>SelSar Company operiert im Einklang mit den Vorschriften von Bosnien und Herzegowina und verf\u00fcgt \u00fcber die erforderlichen Genehmigungen zur Durchf\u00fchrung von Dienstleistungen der Arbeitsvermittlung sowie \u00fcber andere erforderliche Befugnisse zur Erf\u00fcllung ihrer Verpflichtungen.<\/p>\n\n<p>SelSar Company f\u00fchrt folgende Aufgaben aus, entsprechend den individuellen Anforderungen der Arbeitgeber:<\/p>\n\n<ul class=\"wp-block-list\">\n<li>Fachberatung bei der Definition von Kriterien und Bedingungen f\u00fcr die gew\u00fcnschte Arbeitsposition;<\/li>\n\n\n\n<li>Headhunting von Kandidaten im Land nach Wahl des Arbeitgebers;<\/li>\n\n\n\n<li>Suche und Rekrutierung von Kandidaten durch Datenbanken, Medienkan\u00e4le und Gesch\u00e4ftskontakte, mit oder ohne Selektion;<\/li>\n\n\n\n<li>Bearbeitung und Filterung von Lebensl\u00e4ufen und Bewerbungen der Kandidaten sowie Vorpr\u00fcfungen des Interesses geeigneter Kandidaten;<\/li>\n\n\n\n<li>Live-\/Online-Interviews mit vorausgew\u00e4hlten Kandidaten zur zus\u00e4tzlichen Bewertung der Qualifikationen;<\/li>\n\n\n\n<li>Psychologische Tests;<\/li>\n\n\n\n<li>Erstellung von Berichten \u00fcber vorausgew\u00e4hlte Kandidaten, einschlie\u00dflich \u00dcberpr\u00fcfung der Erf\u00fcllung der Grundvoraussetzungen der Arbeitsstelle, Ergebnisse der Interessens- und Motivationspr\u00fcfung, finanzielle Erwartungen, Fremdsprachenkenntnisse, psychologische Tests und \u00dcberpr\u00fcfung von bis zu drei Referenzen;<\/li>\n\n\n\n<li>Unterst\u00fctzung bei der Terminvereinbarung von Abschlussinterviews zwischen Kandidaten und Arbeitgebern;<\/li>\n\n\n\n<li>Ver\u00f6ffentlichung von Stellenanzeigen auf Jobportalen und F\u00f6rderung der Dienstleistungen in sozialen Netzwerken und Medienkan\u00e4len;<\/li>\n\n\n\n<li>Bereitstellung der geforderten Anzahl von Arbeitern in Berufen\/Fachbereichen gem\u00e4\u00df den Anforderungen der Arbeitgeber und in \u00dcbereinstimmung mit der Standardqualifikation des Landes;<\/li>\n\n\n\n<li>Sicherstellung, dass Kandidaten aus anderen L\u00e4ndern alle erforderlichen g\u00fcltigen Dokumente f\u00fcr die Besch\u00e4ftigung im Arbeitgeberland besitzen;<\/li>\n\n\n\n<li>Sicherstellung der Anreise ausl\u00e4ndischer Arbeitnehmer in das Arbeitgeberland nach Erhalt der Arbeits- und Aufenthaltsgenehmigung durch den Arbeitgeber.<\/li>\n<\/ul>\n","protected":false},"excerpt":{"rendered":"<p>SelSar Company d.o.o. bietet Dienstleistungen der Arbeitsvermittlung an, indem sie Arbeitgeber in Bosnien und Herzegowina, Deutschland, \u00d6sterreich und anderen westeurop\u00e4ischen [&hellip;]<\/p>\n","protected":false},"author":1,"featured_media":0,"parent":0,"menu_order":0,"comment_status":"closed","ping_status":"closed","template":"","meta":{"_uag_custom_page_level_css":"","site-sidebar-layout":"default","site-content-layout":"","ast-site-content-layout":"default","site-content-style":"default","site-sidebar-style":"default","ast-global-header-display":"","ast-banner-title-visibility":"","ast-main-header-display":"","ast-hfb-above-header-display":"","ast-hfb-below-header-display":"","ast-hfb-mobile-header-display":"","site-post-title":"","ast-breadcrumbs-content":"","ast-featured-img":"","footer-sml-layout":"","ast-disable-related-posts":"","theme-transparent-header-meta":"","adv-header-id-meta":"","stick-header-meta":"","header-above-stick-meta":"","header-main-stick-meta":"","header-below-stick-meta":"","astra-migrate-meta-layouts":"default","ast-page-background-enabled":"default","ast-page-background-meta":{"desktop":{"background-color":"var(--ast-global-color-4)","background-image":"","background-repeat":"repeat","background-position":"center center","background-size":"auto","background-attachment":"scroll","background-type":"","background-media":"","overlay-type":"","overlay-color":"","overlay-opacity":"","overlay-gradient":""},"tablet":{"background-color":"","background-image":"","background-repeat":"repeat","background-position":"center center","background-size":"auto","background-attachment":"scroll","background-type":"","background-media":"","overlay-type":"","overlay-color":"","overlay-opacity":"","overlay-gradient":""},"mobile":{"background-color":"","background-image":"","background-repeat":"repeat","background-position":"center center","background-size":"auto","background-attachment":"scroll","background-type":"","background-media":"","overlay-type":"","overlay-color":"","overlay-opacity":"","overlay-gradient":""}},"ast-content-background-meta":{"desktop":{"background-color":"var(--ast-global-color-5)","background-image":"","background-repeat":"repeat","background-position":"center center","background-size":"auto","background-attachment":"scroll","background-type":"","background-media":"","overlay-type":"","overlay-color":"","overlay-opacity":"","overlay-gradient":""},"tablet":{"background-color":"var(--ast-global-color-5)","background-image":"","background-repeat":"repeat","background-position":"center center","background-size":"auto","background-attachment":"scroll","background-type":"","background-media":"","overlay-type":"","overlay-color":"","overlay-opacity":"","overlay-gradient":""},"mobile":{"background-color":"var(--ast-global-color-5)","background-image":"","background-repeat":"repeat","background-position":"center center","background-size":"auto","background-attachment":"scroll","background-type":"","background-media":"","overlay-type":"","overlay-color":"","overlay-opacity":"","overlay-gradient":""}},"footnotes":""},"class_list":["post-98","page","type-page","status-publish","hentry"],"uagb_featured_image_src":{"full":false,"thumbnail":false,"medium":false,"medium_large":false,"large":false,"1536x1536":false,"2048x2048":false},"uagb_author_info":{"display_name":"hm","author_link":"https:\/\/www.selsarangebot.com\/de\/author\/hm\/"},"uagb_comment_info":0,"uagb_excerpt":"SelSar Company d.o.o. bietet Dienstleistungen der Arbeitsvermittlung an, indem sie Arbeitgeber in Bosnien und Herzegowina, Deutschland, \u00d6sterreich und anderen westeurop\u00e4ischen [&hellip;]","_links":{"self":[{"href":"https:\/\/www.selsarangebot.com\/de\/wp-json\/wp\/v2\/pages\/98","targetHints":{"allow":["GET"]}}],"collection":[{"href":"https:\/\/www.selsarangebot.com\/de\/wp-json\/wp\/v2\/pages"}],"about":[{"href":"https:\/\/www.selsarangebot.com\/de\/wp-json\/wp\/v2\/types\/page"}],"author":[{"embeddable":true,"href":"https:\/\/www.selsarangebot.com\/de\/wp-json\/wp\/v2\/users\/1"}],"replies":[{"embeddable":true,"href":"https:\/\/www.selsarangebot.com\/de\/wp-json\/wp\/v2\/comments?post=98"}],"version-history":[{"count":1,"href":"https:\/\/www.selsarangebot.com\/de\/wp-json\/wp\/v2\/pages\/98\/revisions"}],"predecessor-version":[{"id":99,"href":"https:\/\/www.selsarangebot.com\/de\/wp-json\/wp\/v2\/pages\/98\/revisions\/99"}],"wp:attachment":[{"href":"https:\/\/www.selsarangebot.com\/de\/wp-json\/wp\/v2\/media?parent=98"}],"curies":[{"name":"wp","href":"https:\/\/api.w.org\/{rel}","templated":true}]}}